{"id":118,"date":"2023-06-30T11:55:05","date_gmt":"2023-06-30T11:55:05","guid":{"rendered":"https:\/\/solarfer.eu\/?page_id=118"},"modified":"2023-07-17T15:23:46","modified_gmt":"2023-07-17T13:23:46","slug":"financijski-mehanizam-egp","status":"publish","type":"page","link":"https:\/\/solarfer.eu\/en\/financijski-mehanizam-egp\/","title":{"rendered":"Financial mechanism EGP"},"content":{"rendered":"<h2 class=\"wp-block-heading\">Financial mechanism of the European Economic Area and Norwegian financial mechanism<\/h2>\n\n\n\n<p>Link: <a href=\"https:\/\/eeagrants.hr\/en\/\">https:\/\/eeagrants.hr\/en\/<\/a><\/p>\n\n\n\n<p>The support of the EEA financial mechanism represents the contribution of Iceland, Liechtenstein and Norway towards a green, competitive and inclusive Europe.<\/p>\n\n\n\n<p>There are two general objectives of the EEA financial mechanism:<\/p>\n\n\n\n<p>1) reducing economic and social differences in Europe and<\/p>\n\n\n\n<p>2) strengthening bilateral relations between the donor countries and the 15 EU countries in Central and Southern Europe and the Baltic.<\/p>\n\n\n\n<p>Donor countries cooperate closely with the EU through the Agreement on the European Economic Area (EEA). EEA grants for the period 2014-2021 amount to 1.55 billion euros.<\/p>\n\n\n\n<p>The priorities for this period include:<\/p>\n\n\n\n<p># 1 Innovation, research, education and competitiveness;<\/p>\n\n\n\n<p># 2 Social inclusion, youth employment and poverty reduction;<\/p>\n\n\n\n<p># 3 Environment, energy, climate change and low-carbon economy;<\/p>\n\n\n\n<p># 4 Culture, civil society, good governance and fundamental rights;<\/p>\n\n\n\n<p># 5 Justice and Home Affairs.<\/p>\n\n\n\n<p>EEA grants are jointly financed by Iceland, Liechtenstein and Norway, whose contributions are based on their GDP.<\/p>\n\n\n\n<p>Eligibility for grants reflects the criteria set for the EU Cohesion Fund aimed at Member States with a gross national income (GNI) per capita of less than 90% of the EU average.<\/p>\n\n\n\n<p>The Republic of Croatia has EUR 103.4 million available for the 2014-2021 financing period (EUR 56.8 million under the EEA financial mechanism and EUR 46.6 million under the Norwegian financial mechanism). The share of national co-financing amounts to EUR 9.8 million (15%), which brings the total available funds to EUR 113.2 million.<\/p>","protected":false},"excerpt":{"rendered":"<p>Financijski mehanizam Europskog gospodarskog prostora i Norve\u0161ki financijski mehanizam Poveznica: https:\/\/eeagrants.hr\/ Potpora EGP financijskog mehanizma predstavlja doprinos Islanda, Lihten\u0161tajna i Norve\u0161ke ka zelenoj, konkurentnoj i uklju\u010divoj Europi. Dva su op\u0107a cilja EGP financijskog mehanizma: 1) smanjenje ekonomskih i socijalnih razlika u Europi te 2) ja\u010danje bilateralnih odnosa izme\u0111u zemalja donatora i 15 zemalja EU-a u&hellip;&nbsp;<a href=\"https:\/\/solarfer.eu\/en\/financijski-mehanizam-egp\/\" rel=\"bookmark\">Read More &raquo;<span class=\"screen-reader-text\">Financial mechanism EGP<\/span><\/a><\/p>","protected":false},"author":1,"featured_media":0,"parent":0,"menu_order":0,"comment_status":"closed","ping_status":"closed","template":"","meta":{"neve_meta_sidebar":"","neve_meta_container":"","neve_meta_enable_content_width":"","neve_meta_content_width":0,"neve_meta_title_alignment":"","neve_meta_author_avatar":"","neve_post_elements_order":"","neve_meta_disable_header":"","neve_meta_disable_footer":"","neve_meta_disable_title":"on","footnotes":""},"class_list":["post-118","page","type-page","status-publish","hentry"],"_links":{"self":[{"href":"https:\/\/solarfer.eu\/en\/wp-json\/wp\/v2\/pages\/118","targetHints":{"allow":["GET"]}}],"collection":[{"href":"https:\/\/solarfer.eu\/en\/wp-json\/wp\/v2\/pages"}],"about":[{"href":"https:\/\/solarfer.eu\/en\/wp-json\/wp\/v2\/types\/page"}],"author":[{"embeddable":true,"href":"https:\/\/solarfer.eu\/en\/wp-json\/wp\/v2\/users\/1"}],"replies":[{"embeddable":true,"href":"https:\/\/solarfer.eu\/en\/wp-json\/wp\/v2\/comments?post=118"}],"version-history":[{"count":7,"href":"https:\/\/solarfer.eu\/en\/wp-json\/wp\/v2\/pages\/118\/revisions"}],"predecessor-version":[{"id":160,"href":"https:\/\/solarfer.eu\/en\/wp-json\/wp\/v2\/pages\/118\/revisions\/160"}],"wp:attachment":[{"href":"https:\/\/solarfer.eu\/en\/wp-json\/wp\/v2\/media?parent=118"}],"curies":[{"name":"wp","href":"https:\/\/api.w.org\/{rel}","templated":true}]}}